{"id":212,"date":"2025-03-11T19:27:16","date_gmt":"2025-03-11T22:27:16","guid":{"rendered":"https:\/\/bvsmig1.icict.fiocruz.br\/?page_id=212"},"modified":"2025-03-14T15:56:31","modified_gmt":"2025-03-14T18:56:31","slug":"normas","status":"publish","type":"page","link":"https:\/\/bvsmig1.icict.fiocruz.br\/?page_id=212","title":{"rendered":"Normas do curso"},"content":{"rendered":"\t\t<div data-elementor-type=\"wp-page\" data-elementor-id=\"212\" class=\"elementor elementor-212\">\n\t\t\t\t<div class=\"elementor-element elementor-element-d1f7402 e-flex e-con-boxed e-con e-parent\" data-id=\"d1f7402\" data-element_type=\"container\">\n\t\t\t\t\t<div class=\"e-con-inner\">\n\t\t\t\t<div class=\"elementor-element elementor-element-7beffbca elementor-widget elementor-widget-text-editor\" data-id=\"7beffbca\" data-element_type=\"widget\" data-widget_type=\"text-editor.default\">\n\t\t\t\t<div class=\"elementor-widget-container\">\n\t\t\t\t\t\t\t\t\t<p>Listamos abaixo as principais normas para participa\u00e7\u00e3o no curso. Para mais informa\u00e7\u00f5es acesso a <a href=\"https:\/\/www.icict.fiocruz.br\/sites\/www.icict.fiocruz.br\/files\/ensino_-_qualificacao_-_repositorios_digitais_2025.pdf\" target=\"_blank\" rel=\"noopener\">chamada p\u00fablica<\/a> do curso.<\/p><p><br><\/p>\n<h4>Crit\u00e9rios de aprova\u00e7\u00e3o (para obten\u00e7\u00e3o do certificado)<\/h4>\n<ul>\n<li>Responder as enquetes apresentadas ao final de cada aula; e<\/li>\n<li>Frequ\u00eancia m\u00ednima de 75% das horas-aula do curso.<\/li>\n<\/ul>\n<h4><br><\/h4><h4>Participa\u00e7\u00e3o da sala online (Plataforma Zoom)<\/h4>\n<ol>\n<li>Ao entrar na sala online (Zoom) n\u00e3o use nomes como \u201cIphone de Claudete\u201d ou \u201cSamsung A54\u201d, bem como nomes de outras pessoas que compartilham o computador com voc\u00ea.<\/li>\n<li>Acesse o Zoom sempre com seu nome e sobrenome, pois a lista de presen\u00e7a ser\u00e1 feita a partir do relat\u00f3rio gerado pelo Zoom.<\/li>\n<li>Alunos ouvintes n\u00e3o receber\u00e3o o Certificado, como j\u00e1 informado pela SECA.<\/li>\n<li>As aulas n\u00e3o ser\u00e3o gravadas.<\/li>\n<\/ol><div><br><\/div><div><br><\/div><div><br><\/div><div><br><\/div><div><br><\/div>\t\t\t\t\t\t\t\t<\/div>\n\t\t\t\t<\/div>\n\t\t\t\t\t<\/div>\n\t\t\t\t<\/div>\n\t\t\t\t<\/div>\n\t\t","protected":false},"excerpt":{"rendered":"<p>Listamos abaixo as principais normas para participa\u00e7\u00e3o no curso. Para mais informa\u00e7\u00f5es acesso a chamada p\u00fablica do curso. Crit\u00e9rios de aprova\u00e7\u00e3o (para obten\u00e7\u00e3o do certificado) Responder as enquetes apresentadas ao final de cada aula; e Frequ\u00eancia m\u00ednima de 75% das horas-aula do curso. Participa\u00e7\u00e3o da sala online (Plataforma Zoom) Ao entrar na sala online (Zoom) [&hellip;]<\/p>\n","protected":false},"author":1,"featured_media":0,"parent":0,"menu_order":0,"comment_status":"closed","ping_status":"closed","template":"","meta":{"footnotes":""},"class_list":["post-212","page","type-page","status-publish","hentry"],"aioseo_notices":[],"_links":{"self":[{"href":"https:\/\/bvsmig1.icict.fiocruz.br\/index.php?rest_route=\/wp\/v2\/pages\/212","targetHints":{"allow":["GET"]}}],"collection":[{"href":"https:\/\/bvsmig1.icict.fiocruz.br\/index.php?rest_route=\/wp\/v2\/pages"}],"about":[{"href":"https:\/\/bvsmig1.icict.fiocruz.br\/index.php?rest_route=\/wp\/v2\/types\/page"}],"author":[{"embeddable":true,"href":"https:\/\/bvsmig1.icict.fiocruz.br\/index.php?rest_route=\/wp\/v2\/users\/1"}],"replies":[{"embeddable":true,"href":"https:\/\/bvsmig1.icict.fiocruz.br\/index.php?rest_route=%2Fwp%2Fv2%2Fcomments&post=212"}],"version-history":[{"count":5,"href":"https:\/\/bvsmig1.icict.fiocruz.br\/index.php?rest_route=\/wp\/v2\/pages\/212\/revisions"}],"predecessor-version":[{"id":722,"href":"https:\/\/bvsmig1.icict.fiocruz.br\/index.php?rest_route=\/wp\/v2\/pages\/212\/revisions\/722"}],"wp:attachment":[{"href":"https:\/\/bvsmig1.icict.fiocruz.br\/index.php?rest_route=%2Fwp%2Fv2%2Fmedia&parent=212"}],"curies":[{"name":"wp","href":"https:\/\/api.w.org\/{rel}","templated":true}]}}