{"id":208,"date":"2025-03-11T19:25:35","date_gmt":"2025-03-11T22:25:35","guid":{"rendered":"https:\/\/bvsmig1.icict.fiocruz.br\/?page_id=208"},"modified":"2026-02-09T11:23:54","modified_gmt":"2026-02-09T14:23:54","slug":"materialcomplementar","status":"publish","type":"page","link":"https:\/\/bvsmig1.icict.fiocruz.br\/?page_id=208","title":{"rendered":"Material complementar"},"content":{"rendered":"\t\t<div data-elementor-type=\"wp-page\" data-elementor-id=\"208\" class=\"elementor elementor-208\">\n\t\t\t\t<div class=\"elementor-element elementor-element-8128da5 e-flex e-con-boxed e-con e-parent\" data-id=\"8128da5\" data-element_type=\"container\">\n\t\t\t\t\t<div class=\"e-con-inner\">\n\t\t\t\t<div class=\"elementor-element elementor-element-c422010 elementor-widget elementor-widget-text-editor\" data-id=\"c422010\" data-element_type=\"widget\" data-widget_type=\"text-editor.default\">\n\t\t\t\t<div class=\"elementor-widget-container\">\n\t\t\t\t\t\t\t\t\t<h5>Nesta p\u00e1gina, voc\u00ea encontrar\u00e1 uma sele\u00e7\u00e3o de recursos educacionais para aprofundar seus conhecimentos no Curso de Forma\u00e7\u00e3o Profissional em Reposit\u00f3rios Digitais. Explore cursos, guias pr\u00e1ticos, livros, artigos, estudos de caso e outras ferramentas essenciais para enriquecer sua experi\u00eancia de aprendizado e ampliar suas habilidades na gest\u00e3o de reposit\u00f3rios digitais.<\/h5><p>\u00a0<\/p>\t\t\t\t\t\t\t\t<\/div>\n\t\t\t\t<\/div>\n\t\t\t\t\t<\/div>\n\t\t\t\t<\/div>\n\t\t<div class=\"elementor-element elementor-element-df1a609 e-grid e-con-boxed e-con e-parent\" data-id=\"df1a609\" data-element_type=\"container\">\n\t\t\t\t\t<div class=\"e-con-inner\">\n\t\t\t\t<div class=\"elementor-element elementor-element-33660ca elementor-widget elementor-widget-text-editor\" data-id=\"33660ca\" data-element_type=\"widget\" data-widget_type=\"text-editor.default\">\n\t\t\t\t<div class=\"elementor-widget-container\">\n\t\t\t\t\t\t\t\t\t<p><img decoding=\"async\" class=\"alignnone size-medium wp-image-725\" src=\"https:\/\/bvsmig1.icict.fiocruz.br\/wp-content\/uploads\/2025\/03\/extra_1_reposit-300x30.jpg\" alt=\"\" width=\"300\" height=\"30\" srcset=\"https:\/\/bvsmig1.icict.fiocruz.br\/wp-content\/uploads\/2025\/03\/extra_1_reposit-300x30.jpg 300w, https:\/\/bvsmig1.icict.fiocruz.br\/wp-content\/uploads\/2025\/03\/extra_1_reposit.jpg 400w\" sizes=\"(max-width: 300px) 100vw, 300px\" \/><\/p><ul><li><a href=\"https:\/\/www.arca.fiocruz.br\/handle\/icict\/44731\" target=\"_blank\" rel=\"noopener\">Curso como implantar um reposit\u00f3rio<\/a><\/li><li><a href=\"https:\/\/www.arca.fiocruz.br\/handle\/icict\/55232\" target=\"_blank\" rel=\"noopener\">Curso certifica\u00e7\u00e3o de reposit\u00f3rios digitais<\/a><\/li><li><span style=\"background-color: transparent; text-align: var(--text-align); color: var( --e-global-color-text );\"><a href=\"https:\/\/www.arca.fiocruz.br\/handle\/icict\/50567\" target=\"_blank\" rel=\"noopener\">Curso m\u00e9trica em reposit\u00f3rios<\/a><\/span><\/li><li><a href=\"https:\/\/www.arca.fiocruz.br\/handle\/icict\/44539\" target=\"_blank\" rel=\"noopener\">Curso de curadoria digital &#8211; Parte 1<\/a><\/li><li><a href=\"https:\/\/www.arca.fiocruz.br\/handle\/icict\/48039\" target=\"_blank\" rel=\"noopener\">Curso de curadoria digital &#8211; Parte 2<\/a><\/li><li><a href=\"https:\/\/www.arca.fiocruz.br\/handle\/icict\/45558\" target=\"_blank\" rel=\"noopener\">Bibliotec\u00e1rio de reposit\u00f3rios<\/a><\/li><li><a href=\"https:\/\/www.arca.fiocruz.br\/handle\/icict\/50577\" target=\"_blank\" rel=\"noopener\">Curso o processo de indexa\u00e7\u00e3o e o controle de vocabul\u00e1rio para reposit\u00f3rios<\/a><\/li><li><a href=\"https:\/\/www.arca.fiocruz.br\/handle\/icict\/60520\" target=\"_blank\" rel=\"noopener\">Reposit\u00f3rios: vis\u00e3o e experi\u00eancia &#8211; volume 1<\/a><\/li><li><a href=\"https:\/\/www.arca.fiocruz.br\/handle\/icict\/60521\" target=\"_blank\" rel=\"noopener\">Reposit\u00f3rios: vis\u00e3o e experi\u00eancia &#8211; volume 2<\/a><\/li><li><a href=\"https:\/\/www.arca.fiocruz.br\/handle\/icict\/50571\" target=\"_blank\" rel=\"noopener\">Curso princ\u00edpios fair aplicados \u00e0 reposit\u00f3rios<\/a><\/li><\/ul>\t\t\t\t\t\t\t\t<\/div>\n\t\t\t\t<\/div>\n\t\t\t\t<div class=\"elementor-element elementor-element-9b5f356 elementor-widget elementor-widget-text-editor\" data-id=\"9b5f356\" data-element_type=\"widget\" data-widget_type=\"text-editor.default\">\n\t\t\t\t<div class=\"elementor-widget-container\">\n\t\t\t\t\t\t\t\t\t<p><img decoding=\"async\" class=\"alignnone size-medium wp-image-726\" src=\"https:\/\/bvsmig1.icict.fiocruz.br\/wp-content\/uploads\/2025\/03\/extra_2_preserv-300x30.jpg\" alt=\"\" width=\"300\" height=\"30\" srcset=\"https:\/\/bvsmig1.icict.fiocruz.br\/wp-content\/uploads\/2025\/03\/extra_2_preserv-300x30.jpg 300w, https:\/\/bvsmig1.icict.fiocruz.br\/wp-content\/uploads\/2025\/03\/extra_2_preserv.jpg 400w\" sizes=\"(max-width: 300px) 100vw, 300px\" \/><\/p><ul><li><a href=\"https:\/\/www.arca.fiocruz.br\/handle\/icict\/38900\" target=\"_blank\" rel=\"noopener\">A import\u00e2ncia dos reposit\u00f3rios e da preserva\u00e7\u00e3o digital para a pesquisa cient\u00edfica<\/a><\/li><li><a href=\"https:\/\/www.arca.fiocruz.br\/handle\/icict\/44632\" target=\"_blank\" rel=\"noopener\">Curso preserva\u00e7\u00e3o digital<\/a><\/li><li><a href=\"https:\/\/www.arca.fiocruz.br\/handle\/icict\/44220\" target=\"_blank\" rel=\"noopener\">Programa de preserva\u00e7\u00e3o digital de acervos da Fiocruz<\/a><\/li><li><a href=\"https:\/\/www.arca.fiocruz.br\/handle\/icict\/64246\" target=\"_blank\" rel=\"noopener\">Preserva\u00e7\u00e3o digital de reposit\u00f3rios institucionais<\/a><\/li><li><a href=\"https:\/\/www.arca.fiocruz.br\/handle\/icict\/59478\" target=\"_blank\" rel=\"noopener\">Plano de digitaliza\u00e7\u00e3o dos documentos videogr\u00e1ficos da v\u00eddeosa\u00fade distribuidora da Fiocruz<\/a><\/li><li><a href=\"https:\/\/www.arca.fiocruz.br\/handle\/icict\/44711\" target=\"_blank\" rel=\"noopener\">Plano de Preserva\u00e7\u00e3o digital da v\u00eddeosa\u00fade: estrat\u00e9gias para a gest\u00e3o de documentos audiovisuais<\/a><\/li><li><a href=\"https:\/\/repositorio.ufmg.br\/handle\/1843\/38210\" target=\"_blank\" rel=\"noopener\">Reposit\u00f3rios digitais confi\u00e1veis: as transfer\u00eancias e a verifica\u00e7\u00e3o de compatibilidade entre modelos internacionais de crit\u00e9rios de preserva\u00e7\u00e3o digital no longo prazo e o RDC-Arq (Disserta\u00e7\u00e3o de F\u00e1bio Lopes de Andrade)<\/a><\/li><\/ul>\t\t\t\t\t\t\t\t<\/div>\n\t\t\t\t<\/div>\n\t\t\t\t<div class=\"elementor-element elementor-element-963b060 elementor-widget elementor-widget-text-editor\" data-id=\"963b060\" data-element_type=\"widget\" data-widget_type=\"text-editor.default\">\n\t\t\t\t<div class=\"elementor-widget-container\">\n\t\t\t\t\t\t\t\t\t<p><img decoding=\"async\" class=\"alignnone size-medium wp-image-727\" src=\"https:\/\/bvsmig1.icict.fiocruz.br\/wp-content\/uploads\/2025\/03\/extra_3_manuais-300x30.jpg\" alt=\"\" width=\"300\" height=\"30\" srcset=\"https:\/\/bvsmig1.icict.fiocruz.br\/wp-content\/uploads\/2025\/03\/extra_3_manuais-300x30.jpg 300w, https:\/\/bvsmig1.icict.fiocruz.br\/wp-content\/uploads\/2025\/03\/extra_3_manuais.jpg 400w\" sizes=\"(max-width: 300px) 100vw, 300px\" \/><\/p><ul><li><a href=\"https:\/\/www.arca.fiocruz.br\/handle\/icict\/37187\" target=\"_blank\" rel=\"noopener\">Manual de digitaliza\u00e7\u00e3o<\/a><\/li><li><a href=\"https:\/\/www.arca.fiocruz.br\/handle\/icict\/64477\" target=\"_blank\" rel=\"noopener\">Procedimento operacional padr\u00e3o &#8211; pop: autoarquivamento: arca \u2013 reposit\u00f3rio institucional da fiocruz (dspace 7.6.1)<\/a><\/li><li><a href=\"https:\/\/www.arca.fiocruz.br\/handle\/icict\/64479\" target=\"_blank\" rel=\"noopener\">Procedimento operacional padr\u00e3o &#8211; pop: edi\u00e7\u00e3o de metadados de registros: arca \u2013 reposit\u00f3rio institucional da fiocruz (dspace 7.6.1)<\/a><\/li><li><a href=\"https:\/\/bvsmig1.icict.fiocruz.br\/wp-content\/uploads\/2025\/12\/Calendario-de-aulas-1.pdf\">Teste<\/a><\/li><li><a href=\"https:\/\/bvsmig1.icict.fiocruz.br\/wp-content\/uploads\/2025\/12\/Calendario-de-aulas-1.pdf\">Teste<\/a><\/li><\/ul>\t\t\t\t\t\t\t\t<\/div>\n\t\t\t\t<\/div>\n\t\t\t\t\t<\/div>\n\t\t\t\t<\/div>\n\t\t<div class=\"elementor-element elementor-element-441ec31 e-grid e-con-boxed e-con e-parent\" data-id=\"441ec31\" data-element_type=\"container\">\n\t\t\t\t\t<div class=\"e-con-inner\">\n\t\t\t\t<div class=\"elementor-element elementor-element-4489de6 elementor-widget elementor-widget-image\" data-id=\"4489de6\" data-element_type=\"widget\" data-widget_type=\"image.default\">\n\t\t\t\t<div class=\"elementor-widget-container\">\n\t\t\t\t\t\t\t\t\t\t\t\t\t\t\t<img loading=\"lazy\" decoding=\"async\" width=\"1\" height=\"50\" src=\"https:\/\/bvsmig1.icict.fiocruz.br\/wp-content\/uploads\/2025\/03\/separa.jpg\" class=\"attachment-large size-large wp-image-786\" alt=\"\" \/>\t\t\t\t\t\t\t\t\t\t\t\t\t\t\t<\/div>\n\t\t\t\t<\/div>\n\t\t\t\t\t<\/div>\n\t\t\t\t<\/div>\n\t\t<div class=\"elementor-element elementor-element-379bf38 e-grid e-con-boxed e-con e-parent\" data-id=\"379bf38\" data-element_type=\"container\">\n\t\t\t\t\t<div class=\"e-con-inner\">\n\t\t\t\t<div class=\"elementor-element elementor-element-a75945e elementor-widget elementor-widget-text-editor\" data-id=\"a75945e\" data-element_type=\"widget\" data-widget_type=\"text-editor.default\">\n\t\t\t\t<div class=\"elementor-widget-container\">\n\t\t\t\t\t\t\t\t\t<p><img loading=\"lazy\" decoding=\"async\" class=\"alignnone size-medium wp-image-728\" src=\"https:\/\/bvsmig1.icict.fiocruz.br\/wp-content\/uploads\/2025\/03\/extra_4_ia-300x30.jpg\" alt=\"\" width=\"300\" height=\"30\" srcset=\"https:\/\/bvsmig1.icict.fiocruz.br\/wp-content\/uploads\/2025\/03\/extra_4_ia-300x30.jpg 300w, https:\/\/bvsmig1.icict.fiocruz.br\/wp-content\/uploads\/2025\/03\/extra_4_ia.jpg 400w\" sizes=\"(max-width: 300px) 100vw, 300px\" \/><\/p><ul><li><a href=\"https:\/\/www.arca.fiocruz.br\/handle\/icict\/50574\" target=\"_blank\" rel=\"noopener\">Curso intelig\u00eancia artificial documental: aumento de efici\u00eancia e qualidade<\/a><\/li><li><a href=\"https:\/\/www.escolavirtual.gov.br\/curso\/1091\" target=\"_blank\" rel=\"noopener\">Curso\u00a0<!--StartFragment--><span style=\"line-height: 1.2; margin-top: 0px; margin-bottom: 0.5rem;\" data-olk-copy-source=\"MessageBody\">Intelig\u00eancia Artificial Generativa<\/span><\/a><!--EndFragment--><\/li><li><a href=\"https:\/\/www.escolavirtual.gov.br\/curso\/861\" target=\"_blank\" rel=\"noopener\">Curso\u00a0<!--StartFragment--><span data-olk-copy-source=\"MessageBody\">Intelig\u00eancia Artificial para simplificar o dia a dia<\/span><\/a><!--EndFragment--><\/li><li><a href=\"https:\/\/www.escolavirtual.gov.br\/curso\/377\" target=\"_blank\" rel=\"noopener\"><span style=\"line-height: 1.2; margin-top: 0px; margin-bottom: 0.5rem;\" data-olk-copy-source=\"MessageBody\">Curso\u00a0<\/span><!--StartFragment--><span data-olk-copy-source=\"MessageBody\">Intelig\u00eancia Artificial no Contexto do Servi\u00e7o P\u00fablico<\/span><\/a><!--EndFragment--><\/li><li><a href=\"https:\/\/www.escolavirtual.gov.br\/curso\/810\" target=\"_blank\" rel=\"noopener\">Curso\u00a0<!--StartFragment--><span style=\"line-height: 1.2; margin: 0px 0px 0.5rem;\" data-olk-copy-source=\"MessageBody\">Desvendando a Intelig\u00eancia Artificial na Administra\u00e7\u00e3o P\u00fablica<\/span><\/a><!--EndFragment--><\/li><\/ul>\t\t\t\t\t\t\t\t<\/div>\n\t\t\t\t<\/div>\n\t\t\t\t<div class=\"elementor-element elementor-element-5367368 elementor-widget elementor-widget-text-editor\" data-id=\"5367368\" data-element_type=\"widget\" data-widget_type=\"text-editor.default\">\n\t\t\t\t<div class=\"elementor-widget-container\">\n\t\t\t\t\t\t\t\t\t<p><img loading=\"lazy\" decoding=\"async\" class=\"alignnone size-medium wp-image-729\" src=\"https:\/\/bvsmig1.icict.fiocruz.br\/wp-content\/uploads\/2025\/03\/extra_5_acesso-300x30.jpg\" alt=\"\" width=\"300\" height=\"30\" srcset=\"https:\/\/bvsmig1.icict.fiocruz.br\/wp-content\/uploads\/2025\/03\/extra_5_acesso-300x30.jpg 300w, https:\/\/bvsmig1.icict.fiocruz.br\/wp-content\/uploads\/2025\/03\/extra_5_acesso.jpg 400w\" sizes=\"(max-width: 300px) 100vw, 300px\" \/><\/p><ul><li><a href=\"https:\/\/www.arca.fiocruz.br\/handle\/icict\/60840\" target=\"_blank\" rel=\"noopener\">Pol\u00edtica de acesso aberto ao conhecimento da fiocruz: alicerce para o desempenho do arca reposit\u00f3rio institucional<\/a><\/li><li><a href=\"https:\/\/www.arca.fiocruz.br\/handle\/icict\/35558\" target=\"_blank\" rel=\"noopener\">A import\u00e2ncia do movimento acesso aberto e dos reposit\u00f3rios digitais<\/a><\/li><li><a href=\"https:\/\/www.arca.fiocruz.br\/handle\/icict\/68656\" target=\"_blank\" rel=\"noopener\">Pol\u00edtica de acesso aberto ao conhecimento: vers\u00e3o atualizada em 2024<\/a><\/li><\/ul>\t\t\t\t\t\t\t\t<\/div>\n\t\t\t\t<\/div>\n\t\t\t\t<div class=\"elementor-element elementor-element-fab8c0d elementor-widget elementor-widget-text-editor\" data-id=\"fab8c0d\" data-element_type=\"widget\" data-widget_type=\"text-editor.default\">\n\t\t\t\t<div class=\"elementor-widget-container\">\n\t\t\t\t\t\t\t\t\t<p><img loading=\"lazy\" decoding=\"async\" class=\"alignnone size-medium wp-image-730\" src=\"https:\/\/bvsmig1.icict.fiocruz.br\/wp-content\/uploads\/2025\/03\/extra_6_ciencia-300x30.jpg\" alt=\"\" width=\"300\" height=\"30\" srcset=\"https:\/\/bvsmig1.icict.fiocruz.br\/wp-content\/uploads\/2025\/03\/extra_6_ciencia-300x30.jpg 300w, https:\/\/bvsmig1.icict.fiocruz.br\/wp-content\/uploads\/2025\/03\/extra_6_ciencia.jpg 400w\" sizes=\"(max-width: 300px) 100vw, 300px\" \/><\/p>\n<ul>\n<li><a href=\"https:\/\/www.arca.fiocruz.br\/handle\/icict\/44540\" target=\"_blank\" rel=\"noopener\">Introdu\u00e7\u00e3o aos conceitos de ci\u00eancia aberta<\/a><\/li>\n<li><a href=\"https:\/\/omp-editora.prd.ibict.br\/index.php\/edibict\/catalog\/book\/352\" target=\"_blank\" rel=\"noopener\"><span data-olk-copy-source=\"MessageBody\">Infraestruturas de suporte \u00e0 Ci\u00eancia Aberta<\/span><\/a><\/li>\n<\/ul>\t\t\t\t\t\t\t\t<\/div>\n\t\t\t\t<\/div>\n\t\t\t\t\t<\/div>\n\t\t\t\t<\/div>\n\t\t<div class=\"elementor-element elementor-element-b2d5df1 e-grid e-con-boxed e-con e-parent\" data-id=\"b2d5df1\" data-element_type=\"container\">\n\t\t\t\t\t<div class=\"e-con-inner\">\n\t\t\t\t<div class=\"elementor-element elementor-element-0f6ca3a elementor-widget elementor-widget-image\" data-id=\"0f6ca3a\" data-element_type=\"widget\" data-widget_type=\"image.default\">\n\t\t\t\t<div class=\"elementor-widget-container\">\n\t\t\t\t\t\t\t\t\t\t\t\t\t\t\t<img loading=\"lazy\" decoding=\"async\" width=\"1\" height=\"50\" src=\"https:\/\/bvsmig1.icict.fiocruz.br\/wp-content\/uploads\/2025\/03\/separa.jpg\" class=\"attachment-large size-large wp-image-786\" alt=\"\" \/>\t\t\t\t\t\t\t\t\t\t\t\t\t\t\t<\/div>\n\t\t\t\t<\/div>\n\t\t\t\t\t<\/div>\n\t\t\t\t<\/div>\n\t\t<div class=\"elementor-element elementor-element-4baba31 e-grid e-con-boxed e-con e-parent\" data-id=\"4baba31\" data-element_type=\"container\">\n\t\t\t\t\t<div class=\"e-con-inner\">\n\t\t\t\t<div class=\"elementor-element elementor-element-f145c20 elementor-widget elementor-widget-text-editor\" data-id=\"f145c20\" data-element_type=\"widget\" data-widget_type=\"text-editor.default\">\n\t\t\t\t<div class=\"elementor-widget-container\">\n\t\t\t\t\t\t\t\t\t<p><img loading=\"lazy\" decoding=\"async\" class=\"alignnone size-medium wp-image-731\" src=\"https:\/\/bvsmig1.icict.fiocruz.br\/wp-content\/uploads\/2025\/03\/extra_7_direito-300x30.jpg\" alt=\"\" width=\"300\" height=\"30\" srcset=\"https:\/\/bvsmig1.icict.fiocruz.br\/wp-content\/uploads\/2025\/03\/extra_7_direito-300x30.jpg 300w, https:\/\/bvsmig1.icict.fiocruz.br\/wp-content\/uploads\/2025\/03\/extra_7_direito.jpg 400w\" sizes=\"(max-width: 300px) 100vw, 300px\" \/><\/p><ul><li><a href=\"https:\/\/www.arca.fiocruz.br\/handle\/icict\/50568\" target=\"_blank\" rel=\"noopener\">Curso direito autoral e reposit\u00f3rios 1<\/a><\/li><li><a href=\"https:\/\/www.arca.fiocruz.br\/handle\/icict\/54678\" target=\"_blank\" rel=\"noopener\">Curso direito autoral e reposit\u00f3rios 2<\/a><\/li><\/ul>\t\t\t\t\t\t\t\t<\/div>\n\t\t\t\t<\/div>\n\t\t\t\t<div class=\"elementor-element elementor-element-7cb8383 elementor-widget elementor-widget-text-editor\" data-id=\"7cb8383\" data-element_type=\"widget\" data-widget_type=\"text-editor.default\">\n\t\t\t\t<div class=\"elementor-widget-container\">\n\t\t\t\t\t\t\t\t\t<p><img loading=\"lazy\" decoding=\"async\" class=\"alignnone size-medium wp-image-732\" src=\"https:\/\/bvsmig1.icict.fiocruz.br\/wp-content\/uploads\/2025\/03\/extra_8_arca-300x30.jpg\" alt=\"\" width=\"300\" height=\"30\" srcset=\"https:\/\/bvsmig1.icict.fiocruz.br\/wp-content\/uploads\/2025\/03\/extra_8_arca-300x30.jpg 300w, https:\/\/bvsmig1.icict.fiocruz.br\/wp-content\/uploads\/2025\/03\/extra_8_arca.jpg 400w\" sizes=\"(max-width: 300px) 100vw, 300px\" \/><\/p><ul><li><a href=\"https:\/\/www.arca.fiocruz.br\/handle\/icict\/33062\" target=\"_blank\" rel=\"noopener\">Cria\u00e7\u00e3o de um chatbot para o Arca &#8211; Reposit\u00f3rio Institucional da Fiocruz<\/a><\/li><li><a href=\"https:\/\/www.arca.fiocruz.br\/handle\/icict\/34555\" target=\"_blank\" rel=\"noopener\">A integra\u00e7\u00e3o do Arca &#8211; Reposit\u00f3rio Institucional da Fiocruz com a plataforma de ci\u00eancia de dados aplicada \u00e0 sa\u00fade<\/a><\/li><li><a href=\"https:\/\/www.arca.fiocruz.br\/handle\/icict\/46393\" target=\"_blank\" rel=\"noopener\">Reposit\u00f3rio Institucional da Fiocruz &#8211; Arca: a import\u00e2ncia da uniformiza\u00e7\u00e3o de procedimentos operacionais<\/a><\/li><li><a href=\"https:\/\/www.arca.fiocruz.br\/handle\/icict\/40722\" target=\"_blank\" rel=\"noopener\">Garantindo acervos para o futuro: plano de preserva\u00e7\u00e3o digital para o Reposit\u00f3rio Institucional Arca<\/a><\/li><\/ul>\t\t\t\t\t\t\t\t<\/div>\n\t\t\t\t<\/div>\n\t\t\t\t<div class=\"elementor-element elementor-element-62a9740 elementor-widget elementor-widget-text-editor\" data-id=\"62a9740\" data-element_type=\"widget\" data-widget_type=\"text-editor.default\">\n\t\t\t\t<div class=\"elementor-widget-container\">\n\t\t\t\t\t\t\t\t\t<p><img loading=\"lazy\" decoding=\"async\" class=\"alignnone size-medium wp-image-724\" src=\"https:\/\/bvsmig1.icict.fiocruz.br\/wp-content\/uploads\/2025\/03\/extra_9_redesudeste-300x30.jpg\" alt=\"\" width=\"300\" height=\"30\" srcset=\"https:\/\/bvsmig1.icict.fiocruz.br\/wp-content\/uploads\/2025\/03\/extra_9_redesudeste-300x30.jpg 300w, https:\/\/bvsmig1.icict.fiocruz.br\/wp-content\/uploads\/2025\/03\/extra_9_redesudeste.jpg 400w\" sizes=\"(max-width: 300px) 100vw, 300px\" \/><\/p><ul><li><a href=\"https:\/\/www.arca.fiocruz.br\/handle\/icict\/67945\" target=\"_blank\" rel=\"noopener\">Relat\u00f3rio de atividades: Rede Sudeste de reposit\u00f3rios digitais 2024<\/a><\/li><li><a href=\"https:\/\/www.arca.fiocruz.br\/handle\/icict\/65836\" target=\"_blank\" rel=\"noopener\">Relat\u00f3rio do evento II encontro da rede brasileira de reposit\u00f3rios digitais: 01 e 02 de agosto de 2024<\/a><\/li><li><p><a href=\"https:\/\/www.youtube.com\/watch?v=RLMg3hB9GXI\" target=\"_blank\" rel=\"noopener\">II Encontro Rede Sudeste de Reposit\u00f3rios Institucionais (1\u00ba dia)<\/a><\/p><\/li><li><p><a href=\"https:\/\/www.youtube.com\/watch?v=pIQ_q8naupI\" target=\"_blank\" rel=\"noopener\">II Encontro Rede Sudeste de Reposit\u00f3rios Institucionais (2\u00ba dia)<\/a><\/p><\/li><\/ul>\t\t\t\t\t\t\t\t<\/div>\n\t\t\t\t<\/div>\n\t\t\t\t\t<\/div>\n\t\t\t\t<\/div>\n\t\t<div class=\"elementor-element elementor-element-07c3ac5 e-grid e-con-boxed e-con e-parent\" data-id=\"07c3ac5\" data-element_type=\"container\">\n\t\t\t\t\t<div class=\"e-con-inner\">\n\t\t\t\t<div class=\"elementor-element elementor-element-31975ec elementor-widget elementor-widget-image\" data-id=\"31975ec\" data-element_type=\"widget\" data-widget_type=\"image.default\">\n\t\t\t\t<div class=\"elementor-widget-container\">\n\t\t\t\t\t\t\t\t\t\t\t\t\t\t\t<img loading=\"lazy\" decoding=\"async\" width=\"1\" height=\"50\" src=\"https:\/\/bvsmig1.icict.fiocruz.br\/wp-content\/uploads\/2025\/03\/separa.jpg\" class=\"attachment-large size-large wp-image-786\" alt=\"\" \/>\t\t\t\t\t\t\t\t\t\t\t\t\t\t\t<\/div>\n\t\t\t\t<\/div>\n\t\t\t\t\t<\/div>\n\t\t\t\t<\/div>\n\t\t<div class=\"elementor-element elementor-element-1fd70a1 e-flex e-con-boxed e-con e-parent\" data-id=\"1fd70a1\" data-element_type=\"container\">\n\t\t\t\t\t<div class=\"e-con-inner\">\n\t\t\t\t<div class=\"elementor-element elementor-element-d22f7a1 elementor-widget elementor-widget-html\" data-id=\"d22f7a1\" data-element_type=\"widget\" data-widget_type=\"html.default\">\n\t\t\t\t<div class=\"elementor-widget-container\">\n\t\t\t\t\t\t\t<!-- Bot\u00e3o do Chatbot -->\n\t\t<div id=\"chatbot-button\">\ud83d\udcac<\/div>\n\n\t\t<!-- Container do Chatbot -->\n\t\t<div id=\"chatbot-container\">\n\t\t\t<iframe src=\"https:\/\/copilotstudio.microsoft.com\/environments\/Default-bc3721a6-8061-4e19-a3b4-31e2093e209a\/bots\/auto_agent_xAxRa\/webchat?__version__=2\" frameborder=\"0\" style=\"width: 100%; height: 100%;\"><\/iframe>\n\t\n\t\t<\/div>\t\t\t\t<\/div>\n\t\t\t\t<\/div>\n\t\t\t\t\t<\/div>\n\t\t\t\t<\/div>\n\t\t\t\t<\/div>\n\t\t","protected":false},"excerpt":{"rendered":"<p>Nesta p\u00e1gina, voc\u00ea encontrar\u00e1 uma sele\u00e7\u00e3o de recursos educacionais para aprofundar seus conhecimentos no Curso de Forma\u00e7\u00e3o Profissional em Reposit\u00f3rios Digitais. Explore cursos, guias pr\u00e1ticos, livros, artigos, estudos de caso e outras ferramentas essenciais para enriquecer sua experi\u00eancia de aprendizado e ampliar suas habilidades na gest\u00e3o de reposit\u00f3rios digitais. \u00a0 Curso como implantar um reposit\u00f3rio [&hellip;]<\/p>\n","protected":false},"author":1,"featured_media":0,"parent":0,"menu_order":0,"comment_status":"closed","ping_status":"closed","template":"","meta":{"footnotes":""},"class_list":["post-208","page","type-page","status-publish","hentry"],"aioseo_notices":[],"_links":{"self":[{"href":"https:\/\/bvsmig1.icict.fiocruz.br\/index.php?rest_route=\/wp\/v2\/pages\/208","targetHints":{"allow":["GET"]}}],"collection":[{"href":"https:\/\/bvsmig1.icict.fiocruz.br\/index.php?rest_route=\/wp\/v2\/pages"}],"about":[{"href":"https:\/\/bvsmig1.icict.fiocruz.br\/index.php?rest_route=\/wp\/v2\/types\/page"}],"author":[{"embeddable":true,"href":"https:\/\/bvsmig1.icict.fiocruz.br\/index.php?rest_route=\/wp\/v2\/users\/1"}],"replies":[{"embeddable":true,"href":"https:\/\/bvsmig1.icict.fiocruz.br\/index.php?rest_route=%2Fwp%2Fv2%2Fcomments&post=208"}],"version-history":[{"count":155,"href":"https:\/\/bvsmig1.icict.fiocruz.br\/index.php?rest_route=\/wp\/v2\/pages\/208\/revisions"}],"predecessor-version":[{"id":1168,"href":"https:\/\/bvsmig1.icict.fiocruz.br\/index.php?rest_route=\/wp\/v2\/pages\/208\/revisions\/1168"}],"wp:attachment":[{"href":"https:\/\/bvsmig1.icict.fiocruz.br\/index.php?rest_route=%2Fwp%2Fv2%2Fmedia&parent=208"}],"curies":[{"name":"wp","href":"https:\/\/api.w.org\/{rel}","templated":true}]}}