{"id":206,"date":"2025-03-11T19:24:37","date_gmt":"2025-03-11T22:24:37","guid":{"rendered":"https:\/\/bvsmig1.icict.fiocruz.br\/?page_id=206"},"modified":"2025-07-16T10:47:54","modified_gmt":"2025-07-16T13:47:54","slug":"materialdidatico","status":"publish","type":"page","link":"https:\/\/bvsmig1.icict.fiocruz.br\/?page_id=206","title":{"rendered":"Material did\u00e1tico"},"content":{"rendered":"\t\t<div data-elementor-type=\"wp-page\" data-elementor-id=\"206\" class=\"elementor elementor-206\">\n\t\t\t\t<div class=\"elementor-element elementor-element-7d9cf01d e-flex e-con-boxed e-con e-parent\" data-id=\"7d9cf01d\" data-element_type=\"container\">\n\t\t\t\t\t<div class=\"e-con-inner\">\n\t\t\t\t<div class=\"elementor-element elementor-element-46e207c6 elementor-widget elementor-widget-text-editor\" data-id=\"46e207c6\" data-element_type=\"widget\" data-widget_type=\"text-editor.default\">\n\t\t\t\t<div class=\"elementor-widget-container\">\n\t\t\t\t\t\t\t\t\t<p><strong>[Dia 10\/03] Acesso Aberto e Reposit\u00f3rios Digitais<\/strong><br \/><a href=\"https:\/\/drive.google.com\/file\/d\/1HwDEFnT3BIgO_hhJZR6zeXZg_-9A3nv9\/view?usp=sharing\" target=\"_blank\" rel=\"noopener\">&#8211; Apresenta\u00e7\u00e3o (Profa. Claudete Fernandes &#8211; Fiocruz)<\/a><\/p>\n<p><!-- \/wp:paragraph --><!-- wp:paragraph --><\/p>\n<p><strong>[Dia 17\/03]<\/strong> <strong>Zotero: gest\u00e3o bibliogr\u00e1fica para uso em pesquisa<\/strong><br \/><a href=\"https:\/\/planetazotero.blogspot.com\/\" target=\"_blank\" rel=\"noopener\">&#8211; Blog Planeta Zotero (Prof. Leonardo Simonini &#8211; Fiocruz)<\/a><\/p>\n<p><!-- \/wp:paragraph --><!-- wp:paragraph --><\/p>\n<p><strong>[Dia 24\/03] Dspace<\/strong><br \/><a href=\"https:\/\/drive.google.com\/file\/d\/182LZl484zgjE7OdQ31874cPRGIwqjptc\/view?usp=sharing\" target=\"_blank\" rel=\"noopener\">&#8211; Apresenta\u00e7\u00e3o (Prof. Tiago Ferreira &#8211; Neki)<\/a><\/p>\n<p><!-- \/wp:paragraph --><!-- wp:paragraph --><\/p>\n<p><strong>[Dia 31\/03]<\/strong> <strong>Preserva\u00e7\u00e3o Digital<\/strong><br \/><a href=\"https:\/\/drive.google.com\/file\/d\/1EN8emFhElC107YGD_wzPJUJ-3ydUSdSZ\/view?usp=sharing\" target=\"_blank\" rel=\"noopener\">&#8211; Apresenta\u00e7\u00e3o 1 (Prof. Jo\u00e3o Guilherme &#8211; Fiocruz)<\/a><br \/><a href=\"https:\/\/drive.google.com\/file\/d\/1TVbPlan6R8TkZHFpuHHJBWB3Mn-SL8j6\/view?usp=sharing\" target=\"_blank\" rel=\"noopener\">&#8211; Apresenta\u00e7\u00e3o 2 (Profa. Eliane Pontes &#8211; Fiocruz)<\/a><br \/><a href=\"https:\/\/www.arca.fiocruz.br\/handle\/icict\/59478\" target=\"_blank\" rel=\"noopener\">&#8211; Plano de digitaliza\u00e7\u00e3o dos documentos videogr\u00e1ficos da v\u00eddeosa\u00fade distribuidora da Fiocruz<\/a><a href=\"https:\/\/www.arca.fiocruz.br\/handle\/icict\/44711\" target=\"_blank\" rel=\"noopener\">&#8211; Plano de Preserva\u00e7\u00e3o digital da v\u00eddeosa\u00fade: estrat\u00e9gias para a gest\u00e3o de documentos audiovisuais<\/a><br \/><a href=\"https:\/\/drive.google.com\/file\/d\/1IYw3cAwn_L9pRc-n0kowAF3LH6jcQP0e\/view?usp=sharing\" target=\"_blank\" rel=\"noopener\">&#8211; CCSDS Modelo de refer\u00eancia para um arquivo aberto &#8211; sistema de informa\u00e7\u00e3o (OAIS)<\/a><br \/><a href=\"https:\/\/drive.google.com\/file\/d\/18SBzRpI6L1QSfMfe80FNhvGDRxHr9LHs\/view?usp=sharing\" target=\"_blank\" rel=\"noopener\">&#8211; CCSDS Prepara\u00e7\u00e3o de informa\u00e7\u00f5es para permitir o uso a longo prazo<\/a><br \/><a href=\"https:\/\/drive.google.com\/file\/d\/1Th3QG8nPU3lrM1rzZ2x9GzKJl9LAoKmS\/view?usp=sharing\" target=\"_blank\" rel=\"noopener\">&#8211; CCSDS Requisitos para corpos fornecendo auditoria e certifica\u00e7\u00e3o confi\u00e1vel para reposit\u00f3rios digitais<\/a><br \/><a href=\"https:\/\/drive.google.com\/file\/d\/1M1pn6x-V5_FqoOnwz4McLYaXqsmUd_rN\/view?usp=sharing\" target=\"_blank\" rel=\"noopener\">&#8211; CCSDS Auditoria e certifica\u00e7\u00e3o digital confi\u00e1vel de reposit\u00f3rios<\/a><\/p>\n<p><!-- \/wp:paragraph --><!-- wp:paragraph --><\/p>\n<p><strong>[Dia 07\/04] Vocabul\u00e1rios Controlados<\/strong><br \/><a href=\"https:\/\/drive.google.com\/file\/d\/1P1vjcgHsWqpHqGNT1mcABSoVEVkm2Ae8\/view?usp=sharing\" target=\"_blank\" rel=\"noopener\">&#8211; Apresenta\u00e7\u00e3o (Prof. Marcos Miranda &#8211; Unirio)<\/a><\/p>\n<p><!-- \/wp:paragraph --><!-- wp:paragraph --><\/p>\n<p><strong>[Dia 14\/04] Certifica\u00e7\u00e3o em Reposit\u00f3rios<\/strong><br \/><a href=\"https:\/\/drive.google.com\/file\/d\/1VbnzhnK0bYUdisTIelmxnty1stWxDN0T\/view?usp=sharing\" target=\"_blank\" rel=\"noopener\">&#8211; Apresenta\u00e7\u00e3o (Prof. Alex Holanda &#8211; Arquivo Nacional)<\/a><br \/><a href=\"https:\/\/www.youtube.com\/watch?v=_Nta65-bSuk\" target=\"_blank\" rel=\"noopener\">&#8211; V\u00eddeo: Document\u00e1rio &#8220;Into the Future (legendado)&#8221;<\/a><br \/><a href=\"https:\/\/www.youtube.com\/watch?v=pSPeuUOJqzI\" target=\"_blank\" rel=\"noopener\">&#8211; V\u00eddeo: Filme &#8220;The Light Bulb Conspiracy (legendado)&#8221;<\/a><br \/><a href=\"https:\/\/ccsds.org\/publications\/allpubs\/\" target=\"_blank\" rel=\"noopener\">&#8211; Link: CCSDS (Todas as publica\u00e7\u00f5es)<\/a><br \/><a href=\"https:\/\/eark.online\/\" target=\"_blank\" rel=\"noopener\">&#8211; Link: E-ARK Project<\/a><br \/><a href=\"https:\/\/www.archivematica.org\/pt-br\/\" target=\"_blank\" rel=\"noopener\">&#8211; Link: Archivematica<\/a><br \/><a href=\"https:\/\/old.www.hathitrust.org\/trac.html\" target=\"_blank\" rel=\"noopener\">&#8211; Link: Hathi Trust Digital Library (Certifica\u00e7\u00e3o TRAC)<\/a><br \/><a href=\"https:\/\/www.coretrustseal.org\/\" target=\"_blank\" rel=\"noopener\">&#8211; Link: Core Trust Seal<\/a><\/p>\n<p><!-- \/wp:paragraph --><!-- wp:paragraph --><\/p>\n<p><strong>[Dia 28\/04] <span style=\"text-decoration: underline;\">AULA CANCELADA <\/span><\/strong><span style=\"text-decoration: underline;\">(reposi\u00e7\u00e3o no dia 12\/05)<\/span><\/p>\n<p><!-- \/wp:paragraph --><!-- wp:paragraph --><\/p>\n<p><strong>[Dia 05\/05]<\/strong> <strong>Recursos Educacionais Abertos e Bibliotec\u00e1rios<\/strong><br \/><a href=\"https:\/\/miro.com\/app\/board\/uXjVI6ONItM=\/\" target=\"_blank\" rel=\"noopener\">&#8211; Apresenta\u00e7\u00e3o Miro (Profa. Val\u00e9ria Machado &#8211; Fiocruz)<\/a><\/p>\n<p><strong>[Dia 12\/05] Direito Autoral em Reposit\u00f3rios<\/strong><br \/><a href=\"https:\/\/bvsmig1.icict.fiocruz.br\/wp-content\/uploads\/2025\/05\/Aula-DA-2025_pdf.pdf\" target=\"_blank\" rel=\"noopener\">&#8211; Apresenta\u00e7\u00e3o (Profa. Fabricia Pimenta &#8211; Fiocruz)<\/a><\/p>\n<p><!-- \/wp:paragraph --><!-- wp:paragraph --><\/p>\n<p><strong>[Dia 19\/05] M\u00e9tricas em Reposit\u00f3rios<\/strong><br \/><a href=\"https:\/\/drive.google.com\/file\/d\/1u9lqysfps3HYJygzwQ72u4DtkLv_lUdB\/view?usp=sharing\" target=\"_blank\" rel=\"noopener\">&#8211; Apresenta\u00e7\u00e3o (Prof. Miguel Amorim &#8211; UFRJ)<\/a><br \/><a href=\"https:\/\/alternativeto.net\" target=\"_blank\" rel=\"noopener\">&#8211; Link: https:\/\/alternativeto.net<\/a><\/p>\n<p><!-- \/wp:paragraph --><!-- wp:paragraph --><\/p>\n<p><strong>[Dia 26\/05] Processo de Indexa\u00e7\u00e3o para Reposit\u00f3rios<\/strong><br \/><a href=\"https:\/\/bvsmig1.icict.fiocruz.br\/wp-content\/uploads\/2025\/05\/1_diagnostico_politica_indexacao.pdf\" target=\"_blank\" rel=\"noopener\">&#8211; Apresenta\u00e7\u00e3o 1: Diagn\u00f3stico da pol\u00edtica de indexa\u00e7\u00e3o na rede sudeste de reposit\u00f3rios: resultados do question\u00e1rio (Profa. Mariangela Fujita &#8211; UNESP)<\/a><br \/><a href=\"https:\/\/bvsmig1.icict.fiocruz.br\/wp-content\/uploads\/2025\/05\/2_processo_indexacao_repositorios.pdf\" target=\"_blank\" rel=\"noopener\">&#8211; Apresenta\u00e7\u00e3o 2: Processo de indexa\u00e7\u00e3o em reposit\u00f3rios (Profa. Mariangela Fujita &#8211; UNESP)<\/a><br \/><a href=\"https:\/\/bvsmig1.icict.fiocruz.br\/wp-content\/uploads\/2025\/05\/3_processo_indexacao_repositorios_leitura_doc.pdf\" target=\"_blank\" rel=\"noopener\">&#8211; Apresenta\u00e7\u00e3o 3: O processo de indexa\u00e7\u00e3o em reposit\u00f3rios: leitura document\u00e1ria e an\u00e1lise de assunto (Profa. Mariangela Fujita &#8211; UNESP)<\/a><br \/><a href=\"https:\/\/bds.unb.br\/handle\/123456789\/428\" target=\"_blank\" rel=\"noopener\">&#8211; Livro recomendado: Indexa\u00e7\u00e3o e resumos: teoria e pr\u00e1tica (Lancaster, 2004)<\/a><\/p>\n<p><!-- \/wp:paragraph --><!-- wp:paragraph --><\/p>\n<p><strong>[Dia 02\/06] Profissional de Informa\u00e7\u00e3o e os Reposit\u00f3rios<br \/><\/strong><a href=\"https:\/\/drive.google.com\/file\/d\/1tD1DNQX5Dk_RtIXHajdqq7mtnXTrGDW6\/view?usp=sharing\" target=\"_blank\" rel=\"noopener\">&#8211; Apresenta\u00e7\u00e3o: (Profs. Claudete Fernandes e Eder Freyre &#8211; Fiocruz)<\/a><br \/><a href=\"https:\/\/www.arca.fiocruz.br\/handle\/icict\/44220\" target=\"_blank\" rel=\"noopener\">&#8211; Documento: Programa de preserva\u00e7\u00e3o digital de acervos da Fiocruz<\/a><br \/><a href=\"https:\/\/www.arca.fiocruz.br\/handle\/icict\/59478\" target=\"_blank\" rel=\"noopener\">&#8211; Documento: Plano de digitaliza\u00e7\u00e3o dos documentos videogr\u00e1ficos da V\u00eddeosa\u00fade<\/a><\/p>\n<p><!-- \/wp:paragraph --><!-- wp:paragraph --><\/p>\n<p><strong>[Dia 09\/06] Intelig\u00eancia Artificial na Organiza\u00e7\u00e3o Documental<\/strong><br \/><a href=\"https:\/\/drive.google.com\/file\/d\/1uarJw6D5jjJqApjrpJ3-r1vat9E32_ph\/view?usp=sharing\" target=\"_blank\" rel=\"noopener\">&#8211; Apresenta\u00e7\u00e3o (Prof. Elias Oliveira &#8211; UFES)<\/a><\/p>\n<p><!-- \/wp:paragraph --><!-- wp:paragraph --><\/p>\n<p><strong>[Dia 16\/06] Redes de Reposit\u00f3rios Digitais: a import\u00e2ncia do trabalho colaborativo<br \/><\/strong><a href=\"https:\/\/drive.google.com\/file\/d\/1MFtDFljbr6DEnQkEIYTjkMxVyekZlttC\/view?usp=sharing\" target=\"_blank\" rel=\"noopener\">&#8211; Apresenta\u00e7\u00e3o (Profa. Claudete Queiroz &#8211; Fiocruz)<\/a><br \/><a href=\"https:\/\/drive.google.com\/file\/d\/1Y1s1jCvbery8R1fzZ_J2cJXi0BjCiQM2\/view?usp=sharing\" target=\"_blank\" rel=\"noopener\">&#8211; Tutorial: Check List para Reposit\u00f3rios<\/a><br \/><a href=\"https:\/\/drive.google.com\/file\/d\/1scySVHjYY6aGa7LNaRUDiZmWApeQ7u52\/view?usp=sharing\" target=\"_blank\" rel=\"noopener\">&#8211; Trabalho: Uma rede de colabora\u00e7\u00e3o para os reposit\u00f3rios digitais brasileiros<\/a><\/p>\n<p><!-- \/wp:paragraph --><!-- wp:paragraph --><\/p>\n<p><strong>[Dia 23\/06] No\u00e7\u00f5es de Acessibilidade<\/strong><br \/><a href=\"https:\/\/bvsmig1.icict.fiocruz.br\/wp-content\/uploads\/2025\/07\/Acessibilidade.pdf\" target=\"_blank\" rel=\"noopener\">&#8211; Apresenta\u00e7\u00e3o (Profas. Aline Alves e Viviane Pinheiro)<\/a><\/p>\n<p><!-- \/wp:paragraph --><!-- wp:paragraph --><\/p>\n<p><strong>[Dia 30\/06] Princ\u00edpios FAIR e Curadoria Digital aplicados a Reposit\u00f3rios<br \/><\/strong><a href=\"https:\/\/bvsmig1.icict.fiocruz.br\/wp-content\/uploads\/2025\/07\/CURADORIA-DE-OBJETOS-DIGITAIS.pdf\" target=\"_blank\" rel=\"noopener\">&#8211; Apresenta\u00e7\u00e3o (Profa. Luana Sales &#8211; Ibict)<\/a><\/p>\n<p><em>\u00a0<\/em><\/p>\n<p><em>\u00a0<\/em><\/p>\n<p><!-- \/wp:paragraph --><!-- wp:paragraph --><\/p>\n<p><!-- \/wp:paragraph --><\/p>\t\t\t\t\t\t\t\t<\/div>\n\t\t\t\t<\/div>\n\t\t\t\t\t<\/div>\n\t\t\t\t<\/div>\n\t\t\t\t<\/div>\n\t\t","protected":false},"excerpt":{"rendered":"<p>[Dia 10\/03] Acesso Aberto e Reposit\u00f3rios Digitais&#8211; Apresenta\u00e7\u00e3o (Profa. Claudete Fernandes &#8211; Fiocruz) [Dia 17\/03] Zotero: gest\u00e3o bibliogr\u00e1fica para uso em pesquisa&#8211; Blog Planeta Zotero (Prof. Leonardo Simonini &#8211; Fiocruz) [Dia 24\/03] Dspace&#8211; Apresenta\u00e7\u00e3o (Prof. Tiago Ferreira &#8211; Neki) [Dia 31\/03] Preserva\u00e7\u00e3o Digital&#8211; Apresenta\u00e7\u00e3o 1 (Prof. Jo\u00e3o Guilherme &#8211; Fiocruz)&#8211; Apresenta\u00e7\u00e3o 2 (Profa. Eliane Pontes [&hellip;]<\/p>\n","protected":false},"author":1,"featured_media":0,"parent":0,"menu_order":0,"comment_status":"closed","ping_status":"closed","template":"","meta":{"footnotes":""},"class_list":["post-206","page","type-page","status-publish","hentry"],"aioseo_notices":[],"_links":{"self":[{"href":"https:\/\/bvsmig1.icict.fiocruz.br\/index.php?rest_route=\/wp\/v2\/pages\/206","targetHints":{"allow":["GET"]}}],"collection":[{"href":"https:\/\/bvsmig1.icict.fiocruz.br\/index.php?rest_route=\/wp\/v2\/pages"}],"about":[{"href":"https:\/\/bvsmig1.icict.fiocruz.br\/index.php?rest_route=\/wp\/v2\/types\/page"}],"author":[{"embeddable":true,"href":"https:\/\/bvsmig1.icict.fiocruz.br\/index.php?rest_route=\/wp\/v2\/users\/1"}],"replies":[{"embeddable":true,"href":"https:\/\/bvsmig1.icict.fiocruz.br\/index.php?rest_route=%2Fwp%2Fv2%2Fcomments&post=206"}],"version-history":[{"count":155,"href":"https:\/\/bvsmig1.icict.fiocruz.br\/index.php?rest_route=\/wp\/v2\/pages\/206\/revisions"}],"predecessor-version":[{"id":1132,"href":"https:\/\/bvsmig1.icict.fiocruz.br\/index.php?rest_route=\/wp\/v2\/pages\/206\/revisions\/1132"}],"wp:attachment":[{"href":"https:\/\/bvsmig1.icict.fiocruz.br\/index.php?rest_route=%2Fwp%2Fv2%2Fmedia&parent=206"}],"curies":[{"name":"wp","href":"https:\/\/api.w.org\/{rel}","templated":true}]}}