{"id":183,"date":"2025-03-11T18:34:32","date_gmt":"2025-03-11T21:34:32","guid":{"rendered":"https:\/\/bvsmig1.icict.fiocruz.br\/?page_id=183"},"modified":"2025-03-14T10:33:39","modified_gmt":"2025-03-14T13:33:39","slug":"sobre","status":"publish","type":"page","link":"https:\/\/bvsmig1.icict.fiocruz.br\/?page_id=183","title":{"rendered":"Sobre o curso"},"content":{"rendered":"\t\t<div data-elementor-type=\"wp-page\" data-elementor-id=\"183\" class=\"elementor elementor-183\">\n\t\t\t\t<div class=\"elementor-element elementor-element-7eb86886 e-flex e-con-boxed e-con e-parent\" data-id=\"7eb86886\" data-element_type=\"container\">\n\t\t\t\t\t<div class=\"e-con-inner\">\n\t\t\t\t<div class=\"elementor-element elementor-element-15b77835 elementor-widget__width-initial elementor-widget elementor-widget-text-editor\" data-id=\"15b77835\" data-element_type=\"widget\" data-widget_type=\"text-editor.default\">\n\t\t\t\t<div class=\"elementor-widget-container\">\n\t\t\t\t\t\t\t\t\t<p>O curso de Qualifica\u00e7\u00e3o em Forma\u00e7\u00e3o Profissional em Reposit\u00f3rios Digitais apresenta aos alunos conceitos, m\u00e9todos, recursos informacionais e ferramentas relacionadas aos reposit\u00f3rios e sua import\u00e2ncia para a preserva\u00e7\u00e3o digital no contexto institucional e informacional.<\/p>\n<h4>Objetivos do curso<\/h4>\n<p>\u2022\u00a0\u00a0 \u00a0Aprender os conceitos de Acesso Aberto, Recursos Educacionais Abertos (REAs), M\u00e9tricas e Certifica\u00e7\u00e3o em Reposit\u00f3rios Digitais, bem como quest\u00f5es relacionadas ao Direito Autoral em Reposit\u00f3rios;\u00a0<br \/>\u2022\u00a0\u00a0 \u00a0Conhecer as principais fun\u00e7\u00f5es do software livre DSpace e sua import\u00e2ncia para a preserva\u00e7\u00e3o digital;\u00a0<br \/>\u2022\u00a0\u00a0 \u00a0Compreender conceitos para a Preserva\u00e7\u00e3o e Curadoria Digital no uso de Reposit\u00f3rios Digitais;\u00a0<br \/>\u2022\u00a0\u00a0 \u00a0Reconhecer a import\u00e2ncia e o papel do Profissional de Informa\u00e7\u00e3o, seus processos e fluxos de trabalho, para realizar a Indexa\u00e7\u00e3o em Reposit\u00f3rios.\u00a0<br \/>\u2022\u00a0\u00a0 \u00a0Entender os princ\u00edpios FAIR em aplica\u00e7\u00f5es e servi\u00e7os de gest\u00e3o de dados de pesquisa e obter no\u00e7\u00f5es de Acessibilidade;\u00a0<br \/>\u2022\u00a0\u00a0 \u00a0Utilizar ferramentas e conhecer assuntos relacionados ao tema dos Reposit\u00f3rios, tais como o uso da Intelig\u00eancia Artificial Documental e a Gest\u00e3o de refer\u00eancias bibliogr\u00e1ficas para uso em pesquisa.<\/p>\n<h4>Perfil do candidato<\/h4>\n<p>Pesquisadores, estudantes e profissionais que atuem em atividades ligadas aos reposit\u00f3rios digitais (preferencialmente membros da Rede Brasileira de Reposit\u00f3rios Digitais), bem como aqueles que atuam no desenvolvimento e apoio \u00e0 pesquisa em ci\u00eancia, tecnologia e inova\u00e7\u00e3o nas \u00e1reas de informa\u00e7\u00e3o e da sa\u00fade.<\/p>\n<h4>Carga hor\u00e1ria<\/h4>\n<p>70 horas<\/p>\n<h4>Periodicidade<\/h4>\n<p>Anual (primeiro semestre)<\/p>\n<h4>Inscri\u00e7\u00f5es<\/h4>\n<p>As inscri\u00e7\u00f5es s\u00e3o realizadas atrav\u00e9s do Campus Virtual Fiocruz. O candidato dever\u00e1 ler atentamente a <strong>chamada p\u00fablica<\/strong>, enviar toda a documenta\u00e7\u00e3o solicitada e acompanhar as etapas do processo seletivo pelo hot-site de inscri\u00e7\u00e3o no Campus Virtual Fiocruz ou pelo site do Icict.<\/p>\n<h4>Coordena\u00e7\u00e3o<\/h4>\n<p>Claudete Fernandes de Queiroz (Coordenadora)<br \/>E-mail : <em>claudete.queiroz@fiocruz.br<br \/><\/em><br \/>Augusto Vinhaes Barboza (Coordenador Adjunto) <br \/>E-mail : <em>augusto.vinhaes@fiocruz.br<br \/><\/em><br \/>Leonardo Simonini Ferreira (Coordenador Adjunto) <br \/>E-mail : <em>leonardo.simonini@fiocruz.br<\/em><\/p>\n<h4>Secretaria Acad\u00eamica do Icict<\/h4>\n<p>Campus Mar\u00e9 da Fiocruz<br \/>Avenida Brasil, 4036 \u2013 sala 405<br \/>Manguinhos \u2013 Rio de Janeiro\/ RJ<br \/>Site:\u00a0<a href=\"https:\/\/www.icict.fiocruz.br\/\">https:\/\/www.icict.fiocruz.br\/<\/a>\u00a0\u00a0<br \/>Tel.: +55 (21) 3882-9063\u00a0<br \/><a href=\"mailto:seca.icict@fiocruz.br\">seca.icict@fiocruz.br<\/a><\/p>\n\n<p>\u00a0<\/p>\n\t\t\t\t\t\t\t\t<\/div>\n\t\t\t\t<\/div>\n\t\t\t\t\t<\/div>\n\t\t\t\t<\/div>\n\t\t\t\t<\/div>\n\t\t","protected":false},"excerpt":{"rendered":"<p>O curso de Qualifica\u00e7\u00e3o em Forma\u00e7\u00e3o Profissional em Reposit\u00f3rios Digitais apresenta aos alunos conceitos, m\u00e9todos, recursos informacionais e ferramentas relacionadas aos reposit\u00f3rios e sua import\u00e2ncia para a preserva\u00e7\u00e3o digital no contexto institucional e informacional. Objetivos do curso \u2022\u00a0\u00a0 \u00a0Aprender os conceitos de Acesso Aberto, Recursos Educacionais Abertos (REAs), M\u00e9tricas e Certifica\u00e7\u00e3o em Reposit\u00f3rios Digitais, bem [&hellip;]<\/p>\n","protected":false},"author":1,"featured_media":0,"parent":0,"menu_order":0,"comment_status":"closed","ping_status":"closed","template":"","meta":{"footnotes":""},"class_list":["post-183","page","type-page","status-publish","hentry"],"aioseo_notices":[],"_links":{"self":[{"href":"https:\/\/bvsmig1.icict.fiocruz.br\/index.php?rest_route=\/wp\/v2\/pages\/183","targetHints":{"allow":["GET"]}}],"collection":[{"href":"https:\/\/bvsmig1.icict.fiocruz.br\/index.php?rest_route=\/wp\/v2\/pages"}],"about":[{"href":"https:\/\/bvsmig1.icict.fiocruz.br\/index.php?rest_route=\/wp\/v2\/types\/page"}],"author":[{"embeddable":true,"href":"https:\/\/bvsmig1.icict.fiocruz.br\/index.php?rest_route=\/wp\/v2\/users\/1"}],"replies":[{"embeddable":true,"href":"https:\/\/bvsmig1.icict.fiocruz.br\/index.php?rest_route=%2Fwp%2Fv2%2Fcomments&post=183"}],"version-history":[{"count":50,"href":"https:\/\/bvsmig1.icict.fiocruz.br\/index.php?rest_route=\/wp\/v2\/pages\/183\/revisions"}],"predecessor-version":[{"id":630,"href":"https:\/\/bvsmig1.icict.fiocruz.br\/index.php?rest_route=\/wp\/v2\/pages\/183\/revisions\/630"}],"wp:attachment":[{"href":"https:\/\/bvsmig1.icict.fiocruz.br\/index.php?rest_route=%2Fwp%2Fv2%2Fmedia&parent=183"}],"curies":[{"name":"wp","href":"https:\/\/api.w.org\/{rel}","templated":true}]}}