{"id":181,"date":"2025-03-11T18:33:47","date_gmt":"2025-03-11T21:33:47","guid":{"rendered":"https:\/\/bvsmig1.icict.fiocruz.br\/?page_id=181"},"modified":"2025-03-31T15:33:17","modified_gmt":"2025-03-31T18:33:17","slug":"processo-seletivo","status":"publish","type":"page","link":"https:\/\/bvsmig1.icict.fiocruz.br\/?page_id=181","title":{"rendered":"Processo Seletivo"},"content":{"rendered":"\t\t<div data-elementor-type=\"wp-page\" data-elementor-id=\"181\" class=\"elementor elementor-181\">\n\t\t\t\t<div class=\"elementor-element elementor-element-215161e7 e-flex e-con-boxed e-con e-parent\" data-id=\"215161e7\" data-element_type=\"container\">\n\t\t\t\t\t<div class=\"e-con-inner\">\n\t\t\t\t<div class=\"elementor-element elementor-element-299e6275 elementor-widget elementor-widget-text-editor\" data-id=\"299e6275\" data-element_type=\"widget\" data-widget_type=\"text-editor.default\">\n\t\t\t\t<div class=\"elementor-widget-container\">\n\t\t\t\t\t\t\t\t\t<h4><span style=\"color: inherit; font-family: inherit; font-size: 1.5rem; text-align: var(--text-align);\">Calend\u00e1rio do Processo Seletivo do curso no ano de 2025<\/span><\/h4>\n<table border=\"1\" width=\"628\">\n<tbody>\n<tr>\n<td width=\"118\">\n<p><strong>Etapas<\/strong><\/p>\n<\/td>\n<td width=\"232\">\n<p><strong>Data<\/strong><\/p>\n<\/td>\n<td width=\"279\">\n<p><strong>Evento<\/strong><\/p>\n<\/td>\n<\/tr>\n<tr>\n<td rowspan=\"2\" width=\"118\">\n<p><strong>Inscri\u00e7\u00f5es<\/strong><\/p>\n<\/td>\n<td width=\"232\">\n<p>13 de janeiro a 10 de fevereiro<\/p>\n<\/td>\n<td width=\"279\">\n<p>Realiza\u00e7\u00e3o das inscri\u00e7\u00f5es pelo <a href=\"https:\/\/campusvirtual.fiocruz.br\" target=\"_blank\" rel=\"noopener\">Campus Virtual Fiocruz<\/a><\/p>\n<\/td>\n<\/tr>\n<tr>\n<td width=\"232\">\n<p>14 de fevereiro<\/p>\n<\/td>\n<td width=\"279\">\n<p>Divulga\u00e7\u00e3o da Homologa\u00e7\u00e3o das Inscri\u00e7\u00f5es no <a href=\"https:\/\/campusvirtual.fiocruz.br\" target=\"_blank\" rel=\"noopener\">Campus Virtual Fiocruz<\/a> e <a href=\"https:\/\/www.icict.fiocruz.br\/formacao-profissional-em-repositorios-digitais\" target=\"_blank\" rel=\"noopener\">site do Icict<\/a><\/p>\n<\/td>\n<\/tr>\n<tr>\n<td rowspan=\"2\" width=\"118\">\n<p><strong>Sele\u00e7\u00e3o<\/strong><\/p>\n<\/td>\n<td width=\"232\">\n<p>17 a 20 de fevereiro<\/p>\n<\/td>\n<td width=\"279\">\n<p>An\u00e1lise da documenta\u00e7\u00e3o<\/p>\n<\/td>\n<\/tr>\n<tr>\n<td width=\"232\">\n<p>24 de fevereiro<\/p>\n<\/td>\n<td width=\"279\">\n<p>Divulga\u00e7\u00e3o do Resultado Parcial no <a href=\"https:\/\/campusvirtual.fiocruz.br\/portal\/\" target=\"_blank\" rel=\"noopener\">Campus Virtual Fiocruz<\/a> e <a href=\"https:\/\/www.icict.fiocruz.br\/formacao-profissional-em-repositorios-digitais\" target=\"_blank\" rel=\"noopener\">site do Icict<\/a><\/p>\n<\/td>\n<\/tr>\n<tr>\n<td rowspan=\"3\" width=\"118\">\n<p><strong>Recurso<\/strong><\/p>\n<\/td>\n<td width=\"232\">\n<p>25 e 26 de fevereiro<\/p>\n<\/td>\n<td width=\"279\">\n<p>Prazo para submiss\u00e3o de recurso pelo e-mail: <em>seca.icict@fiocruz.br<\/em><\/p>\n<\/td>\n<\/tr>\n<tr>\n<td width=\"232\">\n<p>27 de fevereiro<\/p>\n<\/td>\n<td width=\"279\">\n<p>Divulga\u00e7\u00e3o do Resultado do Recurso no <a href=\"https:\/\/campusvirtual.fiocruz.br\/portal\/\" target=\"_blank\" rel=\"noopener\">Campus Virtual Fiocruz<\/a> e <a href=\"https:\/\/www.icict.fiocruz.br\/formacao-profissional-em-repositorios-digitais\" target=\"_blank\" rel=\"noopener\">site do Icict<\/a><\/p>\n<\/td>\n<\/tr>\n<tr>\n<td width=\"232\">\n<p>06 de mar\u00e7o<\/p>\n<\/td>\n<td width=\"279\">\n<p>Divulga\u00e7\u00e3o do Resultado Final no <a href=\"https:\/\/campusvirtual.fiocruz.br\/portal\/\" target=\"_blank\" rel=\"noopener\">Campus Virtual Fiocruz<\/a> e <a href=\"https:\/\/www.icict.fiocruz.br\/formacao-profissional-em-repositorios-digitais\" target=\"_blank\" rel=\"noopener\">site do Icict<\/a><\/p>\n<\/td>\n<\/tr>\n<tr>\n<td colspan=\"2\" width=\"350\">\n<p><strong>In\u00edcio do curso: 10 de mar\u00e7o de 2025<\/strong><\/p>\n<\/td>\n<td width=\"279\">\n<p><strong>T\u00e9rmino do curso: 30 de junho de 2025<\/strong><\/p>\n<\/td>\n<\/tr>\n<\/tbody>\n<\/table>\n<h4>Inscri\u00e7\u00e3o<\/h4>\n<p>Antes de efetuar o pedido de inscri\u00e7\u00e3o e o envio da documenta\u00e7\u00e3o, o candidato dever\u00e1 necessariamente conhecer todas as regras contidas nesta <a href=\"https:\/\/www.icict.fiocruz.br\/sites\/www.icict.fiocruz.br\/files\/ensino_-_qualificacao_-_repositorios_digitais_2025.pdf\" target=\"_blank\" rel=\"noopener\">Chamada P\u00fablica<\/a> e se certificar de efetivamente preencher todos os requisitos exigidos.<\/p>\n<h4>Sele\u00e7\u00e3o<\/h4>\n<p>O processo de sele\u00e7\u00e3o ser\u00e1 realizado de 17 a 20 de fevereiro de 2025 e dela constar\u00e1 de an\u00e1lise do Curriculum Vitae, visando a adequa\u00e7\u00e3o e a import\u00e2ncia do curso para as atividades profissionais do candidato.<\/p>\n<h4>Recurso<\/h4>\n<p>O candidato que desejar entrar com recurso dever\u00e1 faz\u00ea-lo nos dias 25 e 26 de fevereiro de 2025\u00a0pelo e-mail <em>seca.icict@fiocruz.br<\/em>. O formul\u00e1rio espec\u00edfico para este procedimento est\u00e1 dispon\u00edvel ao final da <a href=\"https:\/\/www.icict.fiocruz.br\/sites\/www.icict.fiocruz.br\/files\/ensino_-_qualificacao_-_repositorios_digitais_2025.pdf\" target=\"_blank\" rel=\"noopener\">Chamada P\u00fablica<\/a> (Anexo II).<br \/>A resposta aos recursos ser\u00e1 publicada no <a href=\"https:\/\/campusvirtual.fiocruz.br\/portal\/\" target=\"_blank\" rel=\"noopener\">Campus Virtual Fiocruz<\/a> e <a href=\"https:\/\/www.icict.fiocruz.br\/formacao-profissional-em-repositorios-digitais\" target=\"_blank\" rel=\"noopener\">site do Icict<\/a>.<\/p>\n<h4>Matr\u00edcula<\/h4>\n<p>Os candidatos selecionados dever\u00e3o se apresentar no primeiro dia de aula do curso.<\/p>\n<h4>Certifica\u00e7\u00e3o<\/h4>\n<p>O Icict outorgar\u00e1 Certificado aos alunos que cumprirem os requisitos do Regulamento dos Cursos de Qualifica\u00e7\u00e3o Profissional do Instituto. O Certificado de Conclus\u00e3o do Curso somente ser\u00e1 emitido aos alunos concluintes, atrav\u00e9s do Campus Virtual Fiocruz, ap\u00f3s a apresenta\u00e7\u00e3o pelo interessado do Certificado do Ensino M\u00e9dio Completo devidamente reconhecido pelo MEC, caso este n\u00e3o tenha sido apresentado anteriormente.<\/p>\n<h4>Notas<\/h4>\n<ol>\n<li>A veracidade dos documentos enviados \u00e9 de total responsabilidade do candidato selecionado.<\/li>\n<li><a style=\"font-size: revert;\" href=\"https:\/\/www.icict.fiocruz.br\/sites\/www.icict.fiocruz.br\/files\/ensino_-_qualificacao_-_repositorios_digitais_2025_-_nota_da_secretaria_academica.pdf\" target=\"_blank\" rel=\"noopener\">Nota da Secretaria Acad\u00eamica do ICICT quanto aos e-mails sobre confirma\u00e7\u00e3o e nega\u00e7\u00e3o de inscri\u00e7\u00e3o.<\/a><\/li>\n<\/ol>\n<h3>Resultados<\/h3>\n<ul>\n<li><a href=\"https:\/\/www.icict.fiocruz.br\/sites\/www.icict.fiocruz.br\/files\/ensino_-_qualificacao_-_repositorios_digitais_2025_-_relacao_de_inscricoes_homologadas.pdf\" target=\"_blank\" rel=\"noopener\">Inscri\u00e7\u00f5es homologadas<\/a><\/li>\n<li><a href=\"https:\/\/www.icict.fiocruz.br\/sites\/www.icict.fiocruz.br\/files\/ensino_-_qualificacao_-_repositorios_digitais_2025_-_errata_-_inscricoes_homologadas.pdf\" target=\"_blank\" rel=\"noopener\">ERRATA &#8211; Inscri\u00e7\u00f5es homologadas<\/a><\/li>\n<li><a href=\"https:\/\/www.icict.fiocruz.br\/sites\/www.icict.fiocruz.br\/files\/ensino_-_qualificacao_-_repositorios_digitais_2025_-_relacao_de_candidatos_selecionados.pdf\" target=\"_blank\" rel=\"noopener\">Rela\u00e7\u00e3o de Candidatos Selecionados<\/a><\/li>\n<li><a href=\"https:\/\/www.icict.fiocruz.br\/sites\/www.icict.fiocruz.br\/files\/ensino_-_qualificacao_-_repositorios_digitais_2025_-_resultado_de_recursos_-_etapa_de_selecao.pdf\" target=\"_blank\" rel=\"noopener\">Resultados dos Recursos (Etapa de Sele\u00e7\u00e3o)<\/a><\/li>\n<li><a href=\"https:\/\/www.icict.fiocruz.br\/sites\/www.icict.fiocruz.br\/files\/ensino_-_qualificacao_-_repositorios_digitais_2025_-_resultado_final.pdf\" target=\"_blank\" rel=\"noopener\">Resultado Final<\/a><\/li>\n<\/ul>\n<p>\u00a0<\/p>\n<p>\u00a0<\/p>\n<p><\/p>\n<p><\/p>\t\t\t\t\t\t\t\t<\/div>\n\t\t\t\t<\/div>\n\t\t\t\t\t<\/div>\n\t\t\t\t<\/div>\n\t\t\t\t<\/div>\n\t\t","protected":false},"excerpt":{"rendered":"<p>Calend\u00e1rio do Processo Seletivo do curso no ano de 2025 Etapas Data Evento Inscri\u00e7\u00f5es 13 de janeiro a 10 de fevereiro Realiza\u00e7\u00e3o das inscri\u00e7\u00f5es pelo Campus Virtual Fiocruz 14 de fevereiro Divulga\u00e7\u00e3o da Homologa\u00e7\u00e3o das Inscri\u00e7\u00f5es no Campus Virtual Fiocruz e site do Icict Sele\u00e7\u00e3o 17 a 20 de fevereiro An\u00e1lise da documenta\u00e7\u00e3o 24 de [&hellip;]<\/p>\n","protected":false},"author":1,"featured_media":0,"parent":0,"menu_order":0,"comment_status":"closed","ping_status":"closed","template":"","meta":{"footnotes":""},"class_list":["post-181","page","type-page","status-publish","hentry"],"aioseo_notices":[],"_links":{"self":[{"href":"https:\/\/bvsmig1.icict.fiocruz.br\/index.php?rest_route=\/wp\/v2\/pages\/181","targetHints":{"allow":["GET"]}}],"collection":[{"href":"https:\/\/bvsmig1.icict.fiocruz.br\/index.php?rest_route=\/wp\/v2\/pages"}],"about":[{"href":"https:\/\/bvsmig1.icict.fiocruz.br\/index.php?rest_route=\/wp\/v2\/types\/page"}],"author":[{"embeddable":true,"href":"https:\/\/bvsmig1.icict.fiocruz.br\/index.php?rest_route=\/wp\/v2\/users\/1"}],"replies":[{"embeddable":true,"href":"https:\/\/bvsmig1.icict.fiocruz.br\/index.php?rest_route=%2Fwp%2Fv2%2Fcomments&post=181"}],"version-history":[{"count":24,"href":"https:\/\/bvsmig1.icict.fiocruz.br\/index.php?rest_route=\/wp\/v2\/pages\/181\/revisions"}],"predecessor-version":[{"id":902,"href":"https:\/\/bvsmig1.icict.fiocruz.br\/index.php?rest_route=\/wp\/v2\/pages\/181\/revisions\/902"}],"wp:attachment":[{"href":"https:\/\/bvsmig1.icict.fiocruz.br\/index.php?rest_route=%2Fwp%2Fv2%2Fmedia&parent=181"}],"curies":[{"name":"wp","href":"https:\/\/api.w.org\/{rel}","templated":true}]}}